{"id":6247,"date":"2020-02-03T12:10:23","date_gmt":"2020-02-03T11:10:23","guid":{"rendered":"http:\/\/visualsupport.pl\/?page_id=6247"},"modified":"2020-02-03T12:10:23","modified_gmt":"2020-02-03T11:10:23","slug":"polityka-prywatnosci-rodo","status":"publish","type":"page","link":"https:\/\/visualsupport.pl\/pl\/polityka-prywatnosci-rodo\/","title":{"rendered":"Polityka prywatno\u015bci RODO"},"content":{"rendered":"<h2 style=\"text-align: center;\">\u00a71<br \/>\nTo\u017csamo\u015b\u0107 administratora danych<\/h2>\n<ol>\n<li>Administratorem danych osobowych podawanych w trakcie korzystania z us\u0142ug Serwisu prowadzonego pod adresem www.visualsupport.pl jest Visualsupport Micha\u0142 P\u0142\u00f3cienniak, ul. Jesionowa 15\/1, 30-221 Krak\u00f3w, NIP: 677-217-31-98.<\/li>\n<li>Dane przetwarzane s\u0105 zgodnie z aktualnie obowi\u0105zuj\u0105cymi przepisami prawa; tj. Rozporz\u0105dzeniem Parlamentu Europejskiego i Rady UE 2016\/679 z 27 kwietnia 2016 r. w sprawie ochrony os\u00f3b fizycznych w zwi\u0105zku z przetwarzaniem danych osobowych i w sprawie swobodnego przep\u0142ywu takich danych oraz uchylenia dyrektywy 95\/46\/WE (dalej: RODO), ustaw\u0105 z dnia 10 maja 2018 r. o ochronie danych, a tak\u017ce ustaw\u0105 z 18 lipca 2002 r. o \u015bwiadczeniu us\u0142ug drog\u0105 elektroniczn\u0105.<\/li>\n<\/ol>\n<h3 style=\"text-align: center;\">\u00a72<br \/>\nStosowane definicje<\/h3>\n<ol>\n<li>W niniejszej polityce stosuje si\u0119 nast\u0119puj\u0105ce definicje:\n<ol>\n<li>\u00a0Serwis &#8211; serwis internetowy dost\u0119pny pod adresem www.visualsupport.pl za po\u015brednictwem kt\u00f3rego U\u017cytkownik mo\u017ce przegl\u0105da\u0107 jego zawarto\u015b\u0107, kontaktowa\u0107 si\u0119 z administratorem danych (formularz kontaktowy).<\/li>\n<li>Administrator danych osobowych &#8211; podmiot, kt\u00f3ry decyduje o celu i \u015brodkach przetwarzania danych, w niniejszej polityce rozumie si\u0119 przez to: Visualsupport Micha\u0142 P\u0142\u00f3cienniak, ul. Jesionowa 15\/1, 30-221 Krak\u00f3w, NIP: 677-217-31-98.<\/li>\n<li>U\u017cytkownik &#8211; osoba fizyczna, kt\u00f3rej dane dotycz\u0105 i kt\u00f3ra korzysta z us\u0142ug dost\u0119pnych w Serwisie.<\/li>\n<li>\u00a0Dane osobowe &#8211; wszelkie informacje, kt\u00f3re bez nadmiernego czasu i kosztu mog\u0105 doprowadzi\u0107 do identyfikacji osoby fizycznej, w tym jej dane identyfikacyjne, adresowe i kontaktowe.<\/li>\n<\/ol>\n<\/li>\n<\/ol>\n<h3 style=\"text-align: center;\">\u00a73<br \/>\nCele przetwarzania danych<\/h3>\n<ol>\n<li>Administrator danych osobowych przetwarza dane osobowe w nast\u0119puj\u0105cych celach:\n<ol>\n<li>wykonania umowy, kt\u00f3rej stron\u0105 jest osoba, kt\u00f3rej dane dotycz\u0105 lub do podj\u0119cia dzia\u0142a\u0144 na \u017c\u0105danie osoby, kt\u00f3rej dane dotycz\u0105, tj.<\/li>\n<li>udokumentowania sprzeda\u017cy lub wykonania us\u0142ugi, w tym wystawienia rachunku lub faktury dla osoby fizycznej,<\/li>\n<li>\u00a0udzielenia odpowiedzi na zadane pytanie poprzez formularz kontaktowy lub za po\u015brednictwem danych teleadresowych dost\u0119pnych na stronie Serwisu,<\/li>\n<li>marketingu w\u0142asnych produkt\u00f3w i us\u0142ug administratora danych drog\u0105 tradycyjn\u0105, dochodzenia praw i roszcze\u0144 przez administratora danych lub osob\u0119, kt\u00f3rej dane dotycz\u0105.<\/li>\n<\/ol>\n<\/li>\n<li>Podanie danych jest niezb\u0119dne dla dokonania realizacji zlecenia, wykonania umowy, a tak\u017ce udzielenia odpowiedzi. Podanie pozosta\u0142ych danych jest dobrowolne. Brak podania wymaganych danych uniemo\u017cliwia realizacj\u0119 wybranych us\u0142ug.<\/li>\n<\/ol>\n<h3 style=\"text-align: center;\">\u00a74<br \/>\nSposoby pozyskiwania danych<\/h3>\n<ol>\n<li>Dane osobowe U\u017cytkownika gromadzone s\u0105 bezpo\u015brednio od os\u00f3b, kt\u00f3rych dane dotycz\u0105, tj. poprzez:\n<ol>\n<li>\u00a0wype\u0142nienie formularza z danymi kontaktowymi podczas sk\u0142adania zapytania przez formularz na stronie,<\/li>\n<li>\u00a0podanie danych do przygotowania i zawarcia umowy,<\/li>\n<li>bezpo\u015bredni kontakt z administratorem danych za pomoc\u0105 danych teleadresowych dost\u0119pnych na stronie lub w formie tradycyjnej w miejscu prowadzenia dzia\u0142alno\u015bci.<\/li>\n<\/ol>\n<\/li>\n<\/ol>\n<h3 style=\"text-align: center;\">\u00a75<br \/>\nZakres przetwarzanych danych<\/h3>\n<ol>\n<li>\u00a0Zakres przetwarzanych danych osobowych zosta\u0142 ograniczony do minimum niezb\u0119dnego do \u015bwiadczenia us\u0142ug w zakresie:\n<ol>\n<li>\u00a0z\u0142o\u017cenia zapytania przez formularz kontaktowy lub za pomoc\u0105 danych teleadresowych dost\u0119pnych na stronie: imi\u0119 i nazwisko, adres -email,<\/li>\n<li>wystawienia rachunku lub faktury: imi\u0119 i nazwisko lub nazwa podmiotu, adres siedziby, NIP,<\/li>\n<li>\u00a0przygotowania i zawarcia umowy: imi\u0119 i nazwisko lub nazwa podmiotu, adres siedziby, NIP, inne dane niezb\u0119dne do zawarcia umowy w konkretnym celu.<\/li>\n<\/ol>\n<\/li>\n<\/ol>\n<h3 style=\"text-align: center;\">\u00a76<br \/>\nOkres przetwarzania danych<\/h3>\n<ol>\n<li>Dane osobowe s\u0105 przetwarzane przez okres niezb\u0119dny do realizacji celu, dla kt\u00f3rego zosta\u0142y zebrane, tj.\n<ol>\n<li>przez okres trwania zawartej umowy,<\/li>\n<li>przez okres niezb\u0119dny do udokumentowania wykonanej umowy lub us\u0142ugi w tym wystawienia rachunku lub faktury &#8211; dane przechowywane s\u0105 przez 5 lat, licz\u0105c od ko\u0144ca roku kalendarzowego, w kt\u00f3rym up\u0142yn\u0105\u0142 termin p\u0142atno\u015bci podatku,<\/li>\n<li>przez okres niezb\u0119dny do udzielenia odpowiedzi na pytanie zadane przez formularz kontaktowy lub drog\u0105 telefoniczn\u0105.<\/li>\n<\/ol>\n<\/li>\n<\/ol>\n<h3 style=\"text-align: center;\">\u00a77<br \/>\nOdbiorcy danych<\/h3>\n<ol>\n<li>Dane osobowe U\u017cytkownika mog\u0105 zosta\u0107 powierzone innym podmiotom w celu wykonania us\u0142ug na zlecenie administratora danych, w szczeg\u00f3lno\u015bci podmiotom w zakresie:\n<ol>\n<li>hostingu strony www,<\/li>\n<li>serwisu i utrzymania system\u00f3w informatycznych, w kt\u00f3rych dane s\u0105 przetwarzane, w tym w celu wystawiania faktur, obs\u0142ugi zam\u00f3wie\u0144, etc.<\/li>\n<li>prowadzenia obs\u0142ugi ksi\u0119gowej.<\/li>\n<\/ol>\n<\/li>\n<li>Dane osobowe U\u017cytkownika mog\u0105 zosta\u0107 tak\u017ce udost\u0119pnione podmiotom wspieraj\u0105cym administratora danych, w tym podmiotom realizuj\u0105cym us\u0142ugi kurierskie i pocztowe, je\u015bli wymaga tego specyfika \u015bwiadczonej us\u0142ugi.<\/li>\n<\/ol>\n<p>Dane osobowe U\u017cytkownika nie s\u0105 przekazywane do pa\u0144stw trzecich, ani organizacji mi\u0119dzynarodowych.<\/p>\n<h3 style=\"text-align: center;\">\u00a78<br \/>\nPrawa os\u00f3b, kt\u00f3rych dane dotycz\u0105<\/h3>\n<ol>\n<li>\u00a0Osobie, kt\u00f3rej dane dotycz\u0105 przys\u0142uguje:\n<ol>\n<li>prawo dost\u0119pu do tre\u015bci danych i ich sprostowania,<\/li>\n<li>\u00a0prawo do usuni\u0119cia danych, o ile nie obowi\u0105zuj\u0105 inne przepisy prawa, kt\u00f3re zobowi\u0105zuj\u0105 administratora danych do archiwizacji danych przez okre\u015blony okres czasu,<\/li>\n<li>prawo do przenoszenia danych, o ile podstaw\u0105 przetwarzania danych jest umowa lub zgoda osoby, kt\u00f3rej dane dotycz\u0105, a przetwarzanie danych odbywa si\u0119 w spos\u00f3b automatyczny,<\/li>\n<li>\u00a0prawo do wniesienia sprzeciwu na przetwarzanie danych w celach marketingu bezpo\u015bredniego, realizowanego przez administratora danych w ramach usprawiedliwionego interesu prawnego, a tak\u017ce ograniczenia przetwarzania,<\/li>\n<li>prawo do niepodlegania automatycznemu profilowaniu, je\u015bli administrator danych podejmowa\u0142by decyzje opieraj\u0105ce si\u0119 wy\u0142\u0105cznie na automatycznym profilowaniu i nios\u0105ce ze sob\u0105 skutki prawne dla osoby, kt\u00f3rej dane dotycz\u0105 lub podobnie na ni\u0105 wp\u0142ywa\u0142y,<\/li>\n<li>prawo do kontroli przetwarzania danych i informacji na temat tego, kto jest administratorem danych, a tak\u017ce uzyskania informacji o celu, zakresie i sposobie przetwarzania danych, tre\u015bci tych danych, \u017ar\u00f3dle danych, a tak\u017ce sposobie udost\u0119pniania, w tym o odbiorcach lub kategoriach odbiorc\u00f3w danych,<\/li>\n<li>\u00a0prawo do cofni\u0119cia zgody w dowolnym momencie, je\u015bli podstaw\u0105 przetwarzania danych by\u0142a zgoda osoby, kt\u00f3rej dane dotycz\u0105. Odwo\u0142anie zgody nie wp\u0142ywa na zgodno\u015b\u0107 z prawem przetwarzania dokonanego na jej podstawie, przed jej cofni\u0119ciem,<\/li>\n<li>\u00a0prawo do wniesienia skargi do Prezesa Urz\u0119du Ochrony Danych Osobowych (PUODO), je\u015bli osoba uzna, \u017ce przetwarzanie jej danych jest niezgodne z aktualnie obowi\u0105zuj\u0105cymi przepisami w tym zakresie.<\/li>\n<\/ol>\n<\/li>\n<li>W celu realizacji prawa do kontroli danych, dost\u0119pu do tre\u015bci danych, ich poprawiania, a tak\u017ce innych praw, nale\u017cy skontaktowa\u0107 si\u0119 z administratorem danych &#8211; dane zawarte w zak\u0142adce Kontakt na stronie Serwisu.<\/li>\n<\/ol>\n<h3 style=\"text-align: center;\">\u00a79<br \/>\nPostanowienia ko\u0144cowe<\/h3>\n<ol>\n<li>Administrator danych zastrzega mo\u017cliwo\u015b\u0107 zmiany niniejszej polityki prywatno\u015bci, w sytuacji, gdy b\u0119d\u0105 tego wymaga\u0142y zastosowane rozwi\u0105zania techniczne, zmiany przepis\u00f3w prawa w zakresie prywatno\u015bci os\u00f3b, kt\u00f3rych dane dotycz\u0105 lub inne, istotne zmiany wp\u0142ywaj\u0105ce na tre\u015b\u0107 informacji przekazywanej U\u017cytkownikom.<\/li>\n<li>\u00a0W przypadku zmiany obowi\u0105zuj\u0105cej polityki prywatno\u015bci, wprowadzone zostan\u0105 odpowiednie modyfikacje do powy\u017cszego zapisu.<\/li>\n<li>\u00a0Aktualna wersja polityki prywatno\u015bci b\u0119dzie zawsze umieszczona na stronie administratora danych, dlatego zaleca si\u0119 U\u017cytkownikom ka\u017cdorazowe zapoznanie si\u0119 z aktualnie obowi\u0105zuj\u0105cym dokumentem.<\/li>\n<\/ol>\n","protected":false},"excerpt":{"rendered":"<p>\u00a71 To\u017csamo\u015b\u0107 administratora danych Administratorem danych osobowych podawanych w trakcie korzystania z us\u0142ug Serwisu prowadzonego pod adresem www.visualsupport.pl jest Visualsupport Micha\u0142 P\u0142\u00f3cienniak, ul. Jesionowa 15\/1, 30-221 Krak\u00f3w, NIP: 677-217-31-98. Dane przetwarzane s\u0105 zgodnie z aktualnie obowi\u0105zuj\u0105cymi przepisami prawa; tj. Rozporz\u0105dzeniem Parlamentu Europejskiego i Rady UE 2016\/679 z 27 kwietnia 2016 r. w sprawie ochrony os\u00f3b [&hellip;]<\/p>\n","protected":false},"author":2,"featured_media":0,"parent":0,"menu_order":0,"comment_status":"closed","ping_status":"closed","template":"","meta":{"_acf_changed":false,"footnotes":""},"class_list":["post-6247","page","type-page","status-publish","hentry"],"acf":[],"yoast_head":"<!-- This site is optimized with the Yoast SEO plugin v25.5 - https:\/\/yoast.com\/wordpress\/plugins\/seo\/ -->\n<title>Polityka prywatno\u015bci RODO &#8211; Visualsupport<\/title>\n<meta name=\"robots\" content=\"index, follow, max-snippet:-1, max-image-preview:large, max-video-preview:-1\" \/>\n<link rel=\"canonical\" href=\"https:\/\/visualsupport.pl\/polityka-prywatnosci-rodo\/\" \/>\n<meta property=\"og:locale\" content=\"pl_PL\" \/>\n<meta property=\"og:type\" content=\"article\" \/>\n<meta property=\"og:title\" content=\"Polityka prywatno\u015bci RODO &#8211; Visualsupport\" \/>\n<meta property=\"og:description\" content=\"\u00a71 To\u017csamo\u015b\u0107 administratora danych Administratorem danych osobowych podawanych w trakcie korzystania z us\u0142ug Serwisu prowadzonego pod adresem www.visualsupport.pl jest Visualsupport Micha\u0142 P\u0142\u00f3cienniak, ul. Jesionowa 15\/1, 30-221 Krak\u00f3w, NIP: 677-217-31-98. Dane przetwarzane s\u0105 zgodnie z aktualnie obowi\u0105zuj\u0105cymi przepisami prawa; tj. Rozporz\u0105dzeniem Parlamentu Europejskiego i Rady UE 2016\/679 z 27 kwietnia 2016 r. w sprawie ochrony os\u00f3b [&hellip;]\" \/>\n<meta property=\"og:url\" content=\"https:\/\/visualsupport.pl\/polityka-prywatnosci-rodo\/\" \/>\n<meta property=\"og:site_name\" content=\"Visualsupport\" \/>\n<meta property=\"article:publisher\" content=\"https:\/\/www.facebook.com\/visualsupport\" \/>\n<meta name=\"twitter:card\" content=\"summary_large_image\" \/>\n<meta name=\"twitter:label1\" content=\"Szacowany czas czytania\" \/>\n\t<meta name=\"twitter:data1\" content=\"5 minut\" \/>\n<script type=\"application\/ld+json\" class=\"yoast-schema-graph\">{\"@context\":\"https:\/\/schema.org\",\"@graph\":[{\"@type\":\"WebPage\",\"@id\":\"https:\/\/visualsupport.pl\/polityka-prywatnosci-rodo\/\",\"url\":\"https:\/\/visualsupport.pl\/polityka-prywatnosci-rodo\/\",\"name\":\"Polityka prywatno\u015bci RODO &#8211; Visualsupport\",\"isPartOf\":{\"@id\":\"https:\/\/visualsupport.pl\/#website\"},\"datePublished\":\"2020-02-03T11:10:23+00:00\",\"breadcrumb\":{\"@id\":\"https:\/\/visualsupport.pl\/polityka-prywatnosci-rodo\/#breadcrumb\"},\"inLanguage\":\"pl-PL\",\"potentialAction\":[{\"@type\":\"ReadAction\",\"target\":[\"https:\/\/visualsupport.pl\/polityka-prywatnosci-rodo\/\"]}]},{\"@type\":\"BreadcrumbList\",\"@id\":\"https:\/\/visualsupport.pl\/polityka-prywatnosci-rodo\/#breadcrumb\",\"itemListElement\":[{\"@type\":\"ListItem\",\"position\":1,\"name\":\"Home\",\"item\":\"https:\/\/visualsupport.pl\/pl\/\"},{\"@type\":\"ListItem\",\"position\":2,\"name\":\"Polityka prywatno\u015bci RODO\"}]},{\"@type\":\"WebSite\",\"@id\":\"https:\/\/visualsupport.pl\/#website\",\"url\":\"https:\/\/visualsupport.pl\/\",\"name\":\"Visualsupport - dostawca techniki multimedialnej\",\"description\":\"\",\"publisher\":{\"@id\":\"https:\/\/visualsupport.pl\/#organization\"},\"potentialAction\":[{\"@type\":\"SearchAction\",\"target\":{\"@type\":\"EntryPoint\",\"urlTemplate\":\"https:\/\/visualsupport.pl\/?s={search_term_string}\"},\"query-input\":{\"@type\":\"PropertyValueSpecification\",\"valueRequired\":true,\"valueName\":\"search_term_string\"}}],\"inLanguage\":\"pl-PL\"},{\"@type\":\"Organization\",\"@id\":\"https:\/\/visualsupport.pl\/#organization\",\"name\":\"Visualsupport\",\"url\":\"https:\/\/visualsupport.pl\/\",\"logo\":{\"@type\":\"ImageObject\",\"inLanguage\":\"pl-PL\",\"@id\":\"https:\/\/visualsupport.pl\/#\/schema\/logo\/image\/\",\"url\":\"https:\/\/visualsupport.pl\/wp-content\/uploads\/2022\/11\/1519221211425.jpeg\",\"contentUrl\":\"https:\/\/visualsupport.pl\/wp-content\/uploads\/2022\/11\/1519221211425.jpeg\",\"width\":200,\"height\":200,\"caption\":\"Visualsupport\"},\"image\":{\"@id\":\"https:\/\/visualsupport.pl\/#\/schema\/logo\/image\/\"},\"sameAs\":[\"https:\/\/www.facebook.com\/visualsupport\",\"https:\/\/www.youtube.com\/@visualsupport_pl\"]}]}<\/script>\n<!-- \/ Yoast SEO plugin. -->","yoast_head_json":{"title":"Polityka prywatno\u015bci RODO &#8211; Visualsupport","robots":{"index":"index","follow":"follow","max-snippet":"max-snippet:-1","max-image-preview":"max-image-preview:large","max-video-preview":"max-video-preview:-1"},"canonical":"https:\/\/visualsupport.pl\/polityka-prywatnosci-rodo\/","og_locale":"pl_PL","og_type":"article","og_title":"Polityka prywatno\u015bci RODO &#8211; Visualsupport","og_description":"\u00a71 To\u017csamo\u015b\u0107 administratora danych Administratorem danych osobowych podawanych w trakcie korzystania z us\u0142ug Serwisu prowadzonego pod adresem www.visualsupport.pl jest Visualsupport Micha\u0142 P\u0142\u00f3cienniak, ul. Jesionowa 15\/1, 30-221 Krak\u00f3w, NIP: 677-217-31-98. Dane przetwarzane s\u0105 zgodnie z aktualnie obowi\u0105zuj\u0105cymi przepisami prawa; tj. Rozporz\u0105dzeniem Parlamentu Europejskiego i Rady UE 2016\/679 z 27 kwietnia 2016 r. w sprawie ochrony os\u00f3b [&hellip;]","og_url":"https:\/\/visualsupport.pl\/polityka-prywatnosci-rodo\/","og_site_name":"Visualsupport","article_publisher":"https:\/\/www.facebook.com\/visualsupport","twitter_card":"summary_large_image","twitter_misc":{"Szacowany czas czytania":"5 minut"},"schema":{"@context":"https:\/\/schema.org","@graph":[{"@type":"WebPage","@id":"https:\/\/visualsupport.pl\/polityka-prywatnosci-rodo\/","url":"https:\/\/visualsupport.pl\/polityka-prywatnosci-rodo\/","name":"Polityka prywatno\u015bci RODO &#8211; Visualsupport","isPartOf":{"@id":"https:\/\/visualsupport.pl\/#website"},"datePublished":"2020-02-03T11:10:23+00:00","breadcrumb":{"@id":"https:\/\/visualsupport.pl\/polityka-prywatnosci-rodo\/#breadcrumb"},"inLanguage":"pl-PL","potentialAction":[{"@type":"ReadAction","target":["https:\/\/visualsupport.pl\/polityka-prywatnosci-rodo\/"]}]},{"@type":"BreadcrumbList","@id":"https:\/\/visualsupport.pl\/polityka-prywatnosci-rodo\/#breadcrumb","itemListElement":[{"@type":"ListItem","position":1,"name":"Home","item":"https:\/\/visualsupport.pl\/pl\/"},{"@type":"ListItem","position":2,"name":"Polityka prywatno\u015bci RODO"}]},{"@type":"WebSite","@id":"https:\/\/visualsupport.pl\/#website","url":"https:\/\/visualsupport.pl\/","name":"Visualsupport - dostawca techniki multimedialnej","description":"","publisher":{"@id":"https:\/\/visualsupport.pl\/#organization"},"potentialAction":[{"@type":"SearchAction","target":{"@type":"EntryPoint","urlTemplate":"https:\/\/visualsupport.pl\/?s={search_term_string}"},"query-input":{"@type":"PropertyValueSpecification","valueRequired":true,"valueName":"search_term_string"}}],"inLanguage":"pl-PL"},{"@type":"Organization","@id":"https:\/\/visualsupport.pl\/#organization","name":"Visualsupport","url":"https:\/\/visualsupport.pl\/","logo":{"@type":"ImageObject","inLanguage":"pl-PL","@id":"https:\/\/visualsupport.pl\/#\/schema\/logo\/image\/","url":"https:\/\/visualsupport.pl\/wp-content\/uploads\/2022\/11\/1519221211425.jpeg","contentUrl":"https:\/\/visualsupport.pl\/wp-content\/uploads\/2022\/11\/1519221211425.jpeg","width":200,"height":200,"caption":"Visualsupport"},"image":{"@id":"https:\/\/visualsupport.pl\/#\/schema\/logo\/image\/"},"sameAs":["https:\/\/www.facebook.com\/visualsupport","https:\/\/www.youtube.com\/@visualsupport_pl"]}]}},"_links":{"self":[{"href":"https:\/\/visualsupport.pl\/pl\/wp-json\/wp\/v2\/pages\/6247","targetHints":{"allow":["GET"]}}],"collection":[{"href":"https:\/\/visualsupport.pl\/pl\/wp-json\/wp\/v2\/pages"}],"about":[{"href":"https:\/\/visualsupport.pl\/pl\/wp-json\/wp\/v2\/types\/page"}],"author":[{"embeddable":true,"href":"https:\/\/visualsupport.pl\/pl\/wp-json\/wp\/v2\/users\/2"}],"replies":[{"embeddable":true,"href":"https:\/\/visualsupport.pl\/pl\/wp-json\/wp\/v2\/comments?post=6247"}],"version-history":[{"count":1,"href":"https:\/\/visualsupport.pl\/pl\/wp-json\/wp\/v2\/pages\/6247\/revisions"}],"predecessor-version":[{"id":6248,"href":"https:\/\/visualsupport.pl\/pl\/wp-json\/wp\/v2\/pages\/6247\/revisions\/6248"}],"wp:attachment":[{"href":"https:\/\/visualsupport.pl\/pl\/wp-json\/wp\/v2\/media?parent=6247"}],"curies":[{"name":"wp","href":"https:\/\/api.w.org\/{rel}","templated":true}]}}